{"id":10580,"date":"2026-04-17T22:10:40","date_gmt":"2026-04-17T20:10:40","guid":{"rendered":"https:\/\/royaumedesgalopins.fr\/?page_id=10580"},"modified":"2026-04-18T02:34:45","modified_gmt":"2026-04-18T00:34:45","slug":"prix-pomsky-berger-australien","status":"publish","type":"page","link":"https:\/\/royaumedesgalopins.fr\/en\/prix-pomsky-berger-australien\/","title":{"rendered":"Prix du Pomsky et du Berger Australien &#8211; \u00c9levage Royaume des Galopins"},"content":{"rendered":"","protected":false},"excerpt":{"rendered":"","protected":false},"author":10,"featured_media":0,"parent":0,"menu_order":0,"comment_status":"closed","ping_status":"closed","template":"","meta":{"footnotes":""},"class_list":["post-10580","page","type-page","status-publish","hentry"],"yoast_head":"<!-- This site is optimized with the Yoast SEO plugin v27.3 - https:\/\/yoast.com\/product\/yoast-seo-wordpress\/ -->\n<title>Prix Pomsky 2025 : Tarifs | Royaume des Galopins<\/title>\n<meta name=\"description\" content=\"D\u00e9couvrez les prix de nos chiots Pomsky et Berger Australien Miniature. \u00c9levage \u00e9thique en \u00cele-de-France. Comprendre ce qui justifie le prix.\" \/>\n<meta name=\"robots\" content=\"index, follow, max-snippet:-1, max-image-preview:large, max-video-preview:-1\" \/>\n<link rel=\"canonical\" href=\"https:\/\/royaumedesgalopins.fr\/en\/prix-pomsky-berger-australien\/\" \/>\n<meta property=\"og:locale\" content=\"en_GB\" \/>\n<meta property=\"og:type\" content=\"article\" \/>\n<meta property=\"og:title\" content=\"Prix Pomsky 2025 : Tarifs | Royaume des Galopins\" \/>\n<meta property=\"og:description\" content=\"D\u00e9couvrez les prix de nos chiots Pomsky et Berger Australien Miniature. \u00c9levage \u00e9thique en \u00cele-de-France. Comprendre ce qui justifie le prix.\" \/>\n<meta property=\"og:url\" content=\"https:\/\/royaumedesgalopins.fr\/en\/prix-pomsky-berger-australien\/\" \/>\n<meta property=\"og:site_name\" content=\"Royaume Des Galopins\" \/>\n<meta property=\"article:modified_time\" content=\"2026-04-18T00:34:45+00:00\" \/>\n<meta property=\"og:image\" content=\"https:\/\/royaumedesgalopins.fr\/wp-content\/uploads\/2026\/04\/ChatGPT-Image-18-avr.-2026-00_38_37.png\" \/>\n\t<meta property=\"og:image:width\" content=\"1734\" \/>\n\t<meta property=\"og:image:height\" content=\"907\" \/>\n\t<meta property=\"og:image:type\" content=\"image\/png\" \/>\n<meta name=\"twitter:card\" content=\"summary_large_image\" \/>\n<meta name=\"twitter:image\" content=\"https:\/\/royaumedesgalopins.fr\/wp-content\/uploads\/2026\/04\/ChatGPT-Image-18-avr.-2026-00_38_37.png\" \/>\n<!-- \/ Yoast SEO plugin. -->","yoast_head_json":{"title":"Prix Pomsky 2025 : Tarifs | Royaume des Galopins","description":"D\u00e9couvrez les prix de nos chiots Pomsky et Berger Australien Miniature. \u00c9levage \u00e9thique en \u00cele-de-France. Comprendre ce qui justifie le prix.","robots":{"index":"index","follow":"follow","max-snippet":"max-snippet:-1","max-image-preview":"max-image-preview:large","max-video-preview":"max-video-preview:-1"},"canonical":"https:\/\/royaumedesgalopins.fr\/en\/prix-pomsky-berger-australien\/","og_locale":"en_GB","og_type":"article","og_title":"Prix Pomsky 2025 : Tarifs | Royaume des Galopins","og_description":"D\u00e9couvrez les prix de nos chiots Pomsky et Berger Australien Miniature. \u00c9levage \u00e9thique en \u00cele-de-France. Comprendre ce qui justifie le prix.","og_url":"https:\/\/royaumedesgalopins.fr\/en\/prix-pomsky-berger-australien\/","og_site_name":"Royaume Des Galopins","article_modified_time":"2026-04-18T00:34:45+00:00","og_image":[{"width":1734,"height":907,"url":"https:\/\/royaumedesgalopins.fr\/wp-content\/uploads\/2026\/04\/ChatGPT-Image-18-avr.-2026-00_38_37.png","type":"image\/png"}],"twitter_card":"summary_large_image","twitter_image":"https:\/\/royaumedesgalopins.fr\/wp-content\/uploads\/2026\/04\/ChatGPT-Image-18-avr.-2026-00_38_37.png","schema":{"@context":"https:\/\/schema.org","@graph":[{"@type":["WebPage","FAQPage"],"@id":"https:\/\/royaumedesgalopins.fr\/prix-pomsky-berger-australien\/","url":"https:\/\/royaumedesgalopins.fr\/prix-pomsky-berger-australien\/","name":"Prix Pomsky 2025 : Tarifs | Royaume des Galopins","isPartOf":{"@id":"https:\/\/royaumedesgalopins.fr\/#website"},"datePublished":"2026-04-17T20:10:40+00:00","dateModified":"2026-04-18T00:34:45+00:00","description":"D\u00e9couvrez les prix de nos chiots Pomsky et Berger Australien Miniature. \u00c9levage \u00e9thique en \u00cele-de-France. Comprendre ce qui justifie le prix.","breadcrumb":{"@id":"https:\/\/royaumedesgalopins.fr\/prix-pomsky-berger-australien\/#breadcrumb"},"inLanguage":"en-GB","potentialAction":[{"@type":"ReadAction","target":["https:\/\/royaumedesgalopins.fr\/prix-pomsky-berger-australien\/"]}]},{"@type":"BreadcrumbList","@id":"https:\/\/royaumedesgalopins.fr\/prix-pomsky-berger-australien\/#breadcrumb","itemListElement":[{"@type":"ListItem","position":1,"name":"Accueil","item":"https:\/\/royaumedesgalopins.fr\/"},{"@type":"ListItem","position":2,"name":"Prix du Pomsky et du Berger Australien &#8211; \u00c9levage Royaume des Galopins"}]},{"@type":"WebSite","@id":"https:\/\/royaumedesgalopins.fr\/#website","url":"https:\/\/royaumedesgalopins.fr\/","name":"Royaume Des Galopins","description":"Royaume Des Galopins","publisher":{"@id":"https:\/\/royaumedesgalopins.fr\/#organization"},"potentialAction":[{"@type":"SearchAction","target":{"@type":"EntryPoint","urlTemplate":"https:\/\/royaumedesgalopins.fr\/?s={search_term_string}"},"query-input":{"@type":"PropertyValueSpecification","valueRequired":true,"valueName":"search_term_string"}}],"inLanguage":"en-GB"},{"@type":"Organization","@id":"https:\/\/royaumedesgalopins.fr\/#organization","name":"Kingdom of the Galopins","url":"https:\/\/royaumedesgalopins.fr\/","logo":{"@type":"ImageObject","inLanguage":"en-GB","@id":"https:\/\/royaumedesgalopins.fr\/#\/schema\/logo\/image\/","url":"https:\/\/royaumedesgalopins.fr\/wp-content\/uploads\/2021\/03\/logo-RDG.png","contentUrl":"https:\/\/royaumedesgalopins.fr\/wp-content\/uploads\/2021\/03\/logo-RDG.png","width":120,"height":120,"caption":"Royaume des Galopins"},"image":{"@id":"https:\/\/royaumedesgalopins.fr\/#\/schema\/logo\/image\/"}}]}},"_links":{"self":[{"href":"https:\/\/royaumedesgalopins.fr\/en\/wp-json\/wp\/v2\/pages\/10580","targetHints":{"allow":["GET"]}}],"collection":[{"href":"https:\/\/royaumedesgalopins.fr\/en\/wp-json\/wp\/v2\/pages"}],"about":[{"href":"https:\/\/royaumedesgalopins.fr\/en\/wp-json\/wp\/v2\/types\/page"}],"author":[{"embeddable":true,"href":"https:\/\/royaumedesgalopins.fr\/en\/wp-json\/wp\/v2\/users\/10"}],"replies":[{"embeddable":true,"href":"https:\/\/royaumedesgalopins.fr\/en\/wp-json\/wp\/v2\/comments?post=10580"}],"version-history":[{"count":0,"href":"https:\/\/royaumedesgalopins.fr\/en\/wp-json\/wp\/v2\/pages\/10580\/revisions"}],"wp:attachment":[{"href":"https:\/\/royaumedesgalopins.fr\/en\/wp-json\/wp\/v2\/media?parent=10580"}],"curies":[{"name":"wp","href":"https:\/\/api.w.org\/{rel}","templated":true}]}}