{"id":3277,"date":"2022-08-01T00:33:22","date_gmt":"2022-07-31T22:33:22","guid":{"rendered":"https:\/\/royaumedesgalopins.fr\/?page_id=3277"},"modified":"2025-05-03T22:18:46","modified_gmt":"2025-05-03T20:18:46","slug":"chiens-adultes-disponibles","status":"publish","type":"page","link":"https:\/\/royaumedesgalopins.fr\/en\/chiens-adultes-disponibles\/","title":{"rendered":"Our adult dogs available"},"content":{"rendered":"<div data-elementor-type=\"wp-page\" data-elementor-id=\"3277\" class=\"elementor elementor-3277\" data-elementor-post-type=\"page\">\n\t\t\t\t\t\t<section class=\"elementor-section elementor-top-section elementor-element elementor-element-11ac970 elementor-section-height-min-height elementor-section-items-bottom elementor-section-boxed elementor-section-height-default\" data-id=\"11ac970\" data-element_type=\"section\" data-settings=\"{&quot;background_background&quot;:&quot;classic&quot;}\">\n\t\t\t\t\t\t<div class=\"elementor-container elementor-column-gap-default\">\n\t\t\t\t\t<div class=\"elementor-column elementor-col-100 elementor-top-column elementor-element elementor-element-00583fe\" data-id=\"00583fe\" data-element_type=\"column\">\n\t\t\t<div class=\"elementor-widget-wrap elementor-element-populated\">\n\t\t\t\t\t\t<div class=\"elementor-element elementor-element-aeedbf7 elementor-widget elementor-widget-heading\" data-id=\"aeedbf7\" data-element_type=\"widget\" data-widget_type=\"heading.default\">\n\t\t\t\t\t<h1 class=\"elementor-heading-title elementor-size-default\">Our adult dogs available<\/h1>\t\t\t\t<\/div>\n\t\t\t\t\t<\/div>\n\t\t<\/div>\n\t\t\t\t\t<\/div>\n\t\t<\/section>\n\t\t\t\t<section class=\"elementor-section elementor-top-section elementor-element elementor-element-160cd7a elementor-section-boxed elementor-section-height-default elementor-section-height-default\" data-id=\"160cd7a\" data-element_type=\"section\">\n\t\t\t\t\t\t<div class=\"elementor-container elementor-column-gap-default\">\n\t\t\t\t\t<div class=\"elementor-column elementor-col-50 elementor-top-column elementor-element elementor-element-ea4897b\" data-id=\"ea4897b\" data-element_type=\"column\">\n\t\t\t<div class=\"elementor-widget-wrap elementor-element-populated\">\n\t\t\t\t\t\t<div class=\"elementor-element elementor-element-d6aa0a5 elementor-widget elementor-widget-heading\" data-id=\"d6aa0a5\" data-element_type=\"widget\" data-widget_type=\"heading.default\">\n\t\t\t\t\t<h2 class=\"elementor-heading-title elementor-size-default\">The Pomsky<\/h2>\t\t\t\t<\/div>\n\t\t\t\t<div class=\"elementor-element elementor-element-6c497aff elementor-widget elementor-widget-heading\" data-id=\"6c497aff\" data-element_type=\"widget\" data-widget_type=\"heading.default\">\n\t\t\t\t\t<h3 class=\"elementor-heading-title elementor-size-default\">The Perfect Mix of Husky and Spitz<\/h3>\t\t\t\t<\/div>\n\t\t\t\t\t<\/div>\n\t\t<\/div>\n\t\t\t\t<div class=\"elementor-column elementor-col-50 elementor-top-column elementor-element elementor-element-1e77584\" data-id=\"1e77584\" data-element_type=\"column\">\n\t\t\t<div class=\"elementor-widget-wrap elementor-element-populated\">\n\t\t\t\t\t\t<div class=\"elementor-element elementor-element-94932cb elementor-widget elementor-widget-text-editor\" data-id=\"94932cb\" data-element_type=\"widget\" data-widget_type=\"text-editor.default\">\n\t\t\t\t\t\t\t\t\t<p>We want each of our dogs to enjoy a family life. That is why we only have 2 to 3 litters with our female dogs before finding them a forever home.<\/p><p>The Pomsky is a brand new crossbreed between the Husky and the Spitz. It's a crossbreed that requires careful selection work. This selection work necessitates regularly changing lineages to progress through the generations. We also aim to provide each of our dogs with a family life and, most importantly, not exhaust them with numerous litters throughout their lives. On average, our females have between 3 and 5 litters over their lifetime and retire between the ages of 2 and 4. Some females from beautiful lineages may also be offered for reproduction to small family breeders who share the same vision as us.\u00a0<\/p>\t\t\t\t\t\t\t\t<\/div>\n\t\t\t\t\t<\/div>\n\t\t<\/div>\n\t\t\t\t\t<\/div>\n\t\t<\/section>\n\t\t\t\t<section class=\"elementor-section elementor-top-section elementor-element elementor-element-a82cb7c elementor-section-boxed elementor-section-height-default elementor-section-height-default\" data-id=\"a82cb7c\" data-element_type=\"section\">\n\t\t\t\t\t\t<div class=\"elementor-container elementor-column-gap-default\">\n\t\t\t\t\t\t<\/div>\n\t\t<\/section>\n\t\t\t\t<section class=\"elementor-section elementor-top-section elementor-element elementor-element-7ef844d3 elementor-section-boxed elementor-section-height-default elementor-section-height-default\" data-id=\"7ef844d3\" data-element_type=\"section\">\n\t\t\t\t\t\t<div class=\"elementor-container elementor-column-gap-default\">\n\t\t\t\t\t\t<\/div>\n\t\t<\/section>\n\t\t\t\t<section class=\"elementor-section elementor-top-section elementor-element elementor-element-6929fe28 elementor-section-boxed elementor-section-height-default elementor-section-height-default\" data-id=\"6929fe28\" data-element_type=\"section\">\n\t\t\t\t\t\t<div class=\"elementor-container elementor-column-gap-default\">\n\t\t\t\t\t\t<\/div>\n\t\t<\/section>\n\t\t\t\t<\/div>","protected":false},"excerpt":{"rendered":"<p>Nos chiens adultes disponibles Le Pomsky Le melange parfait du Husky et du Spitz Nous souhaitons que chacun de nos chiens puissent profiter d&rsquo;une vie de famille. C&rsquo;est pourquoi nous ne faisons que 2 \u00e0 3 port\u00e9es \u00e0 nos chiennes avant de leur trouver une famille pour la vie. Le Pomsky est un tout nouveau [&hellip;]<\/p>","protected":false},"author":1,"featured_media":0,"parent":0,"menu_order":0,"comment_status":"closed","ping_status":"closed","template":"","meta":{"footnotes":""},"class_list":["post-3277","page","type-page","status-publish","hentry"],"yoast_head":"<!-- This site is optimized with the Yoast SEO plugin v27.3 - https:\/\/yoast.com\/product\/yoast-seo-wordpress\/ -->\n<title>Chiens Adultes Disponibles : Pomsky &amp; Bergers Australiens<\/title>\n<meta name=\"description\" content=\"Chiens adultes Pomsky et Bergers Australiens disponibles en \u00cele-de-France. \u00c9levage responsable par un \u00e9leveur passionn\u00e9. R\u00e9servez le v\u00f4tre !\" \/>\n<meta name=\"robots\" content=\"index, follow, max-snippet:-1, max-image-preview:large, max-video-preview:-1\" \/>\n<link rel=\"canonical\" href=\"https:\/\/royaumedesgalopins.fr\/en\/chiens-adultes-disponibles\/\" \/>\n<meta property=\"og:locale\" content=\"en_GB\" \/>\n<meta property=\"og:type\" content=\"article\" \/>\n<meta property=\"og:title\" content=\"Chiens Adultes Disponibles : Pomsky &amp; Bergers Australiens\" \/>\n<meta property=\"og:description\" content=\"Chiens adultes Pomsky et Bergers Australiens disponibles en \u00cele-de-France. \u00c9levage responsable par un \u00e9leveur passionn\u00e9. R\u00e9servez le v\u00f4tre !\" \/>\n<meta property=\"og:url\" content=\"https:\/\/royaumedesgalopins.fr\/en\/chiens-adultes-disponibles\/\" \/>\n<meta property=\"og:site_name\" content=\"Royaume Des Galopins\" \/>\n<meta property=\"article:modified_time\" content=\"2025-05-03T20:18:46+00:00\" \/>\n<meta name=\"twitter:card\" content=\"summary_large_image\" \/>\n<meta name=\"twitter:label1\" content=\"Estimated reading time\" \/>\n\t<meta name=\"twitter:data1\" content=\"1 minute\" \/>\n<!-- \/ Yoast SEO plugin. -->","yoast_head_json":{"title":"Chiens Adultes Disponibles : Pomsky & Bergers Australiens","description":"Chiens adultes Pomsky et Bergers Australiens disponibles en \u00cele-de-France. \u00c9levage responsable par un \u00e9leveur passionn\u00e9. R\u00e9servez le v\u00f4tre !","robots":{"index":"index","follow":"follow","max-snippet":"max-snippet:-1","max-image-preview":"max-image-preview:large","max-video-preview":"max-video-preview:-1"},"canonical":"https:\/\/royaumedesgalopins.fr\/en\/chiens-adultes-disponibles\/","og_locale":"en_GB","og_type":"article","og_title":"Chiens Adultes Disponibles : Pomsky & Bergers Australiens","og_description":"Chiens adultes Pomsky et Bergers Australiens disponibles en \u00cele-de-France. \u00c9levage responsable par un \u00e9leveur passionn\u00e9. R\u00e9servez le v\u00f4tre !","og_url":"https:\/\/royaumedesgalopins.fr\/en\/chiens-adultes-disponibles\/","og_site_name":"Royaume Des Galopins","article_modified_time":"2025-05-03T20:18:46+00:00","twitter_card":"summary_large_image","twitter_misc":{"Estimated reading time":"1 minute"},"schema":{"@context":"https:\/\/schema.org","@graph":[{"@type":["WebPage","FAQPage"],"@id":"https:\/\/royaumedesgalopins.fr\/chiens-adultes-disponibles\/","url":"https:\/\/royaumedesgalopins.fr\/chiens-adultes-disponibles\/","name":"Chiens Adultes Disponibles : Pomsky & Bergers Australiens","isPartOf":{"@id":"https:\/\/royaumedesgalopins.fr\/#website"},"datePublished":"2022-07-31T22:33:22+00:00","dateModified":"2025-05-03T20:18:46+00:00","description":"Chiens adultes Pomsky et Bergers Australiens disponibles en \u00cele-de-France. \u00c9levage responsable par un \u00e9leveur passionn\u00e9. R\u00e9servez le v\u00f4tre !","breadcrumb":{"@id":"https:\/\/royaumedesgalopins.fr\/chiens-adultes-disponibles\/#breadcrumb"},"inLanguage":"en-GB","potentialAction":[{"@type":"ReadAction","target":["https:\/\/royaumedesgalopins.fr\/chiens-adultes-disponibles\/"]}]},{"@type":"BreadcrumbList","@id":"https:\/\/royaumedesgalopins.fr\/chiens-adultes-disponibles\/#breadcrumb","itemListElement":[{"@type":"ListItem","position":1,"name":"Accueil","item":"https:\/\/royaumedesgalopins.fr\/"},{"@type":"ListItem","position":2,"name":"Nos chiens adultes disponibles"}]},{"@type":"WebSite","@id":"https:\/\/royaumedesgalopins.fr\/#website","url":"https:\/\/royaumedesgalopins.fr\/","name":"Royaume Des Galopins","description":"Royaume Des Galopins","publisher":{"@id":"https:\/\/royaumedesgalopins.fr\/#organization"},"potentialAction":[{"@type":"SearchAction","target":{"@type":"EntryPoint","urlTemplate":"https:\/\/royaumedesgalopins.fr\/?s={search_term_string}"},"query-input":{"@type":"PropertyValueSpecification","valueRequired":true,"valueName":"search_term_string"}}],"inLanguage":"en-GB"},{"@type":"Organization","@id":"https:\/\/royaumedesgalopins.fr\/#organization","name":"Kingdom of the Galopins","url":"https:\/\/royaumedesgalopins.fr\/","logo":{"@type":"ImageObject","inLanguage":"en-GB","@id":"https:\/\/royaumedesgalopins.fr\/#\/schema\/logo\/image\/","url":"https:\/\/royaumedesgalopins.fr\/wp-content\/uploads\/2021\/03\/logo-RDG.png","contentUrl":"https:\/\/royaumedesgalopins.fr\/wp-content\/uploads\/2021\/03\/logo-RDG.png","width":120,"height":120,"caption":"Royaume des Galopins"},"image":{"@id":"https:\/\/royaumedesgalopins.fr\/#\/schema\/logo\/image\/"}}]}},"_links":{"self":[{"href":"https:\/\/royaumedesgalopins.fr\/en\/wp-json\/wp\/v2\/pages\/3277","targetHints":{"allow":["GET"]}}],"collection":[{"href":"https:\/\/royaumedesgalopins.fr\/en\/wp-json\/wp\/v2\/pages"}],"about":[{"href":"https:\/\/royaumedesgalopins.fr\/en\/wp-json\/wp\/v2\/types\/page"}],"author":[{"embeddable":true,"href":"https:\/\/royaumedesgalopins.fr\/en\/wp-json\/wp\/v2\/users\/1"}],"replies":[{"embeddable":true,"href":"https:\/\/royaumedesgalopins.fr\/en\/wp-json\/wp\/v2\/comments?post=3277"}],"version-history":[{"count":0,"href":"https:\/\/royaumedesgalopins.fr\/en\/wp-json\/wp\/v2\/pages\/3277\/revisions"}],"wp:attachment":[{"href":"https:\/\/royaumedesgalopins.fr\/en\/wp-json\/wp\/v2\/media?parent=3277"}],"curies":[{"name":"wp","href":"https:\/\/api.w.org\/{rel}","templated":true}]}}